{"id":51,"date":"2024-09-28T20:59:53","date_gmt":"2024-09-28T18:59:53","guid":{"rendered":"http:\/\/madlenschrimpf.de\/?page_id=51"},"modified":"2025-06-13T21:57:41","modified_gmt":"2025-06-13T19:57:41","slug":"impressum","status":"publish","type":"page","link":"https:\/\/madlenschrimpf.de\/?page_id=51","title":{"rendered":"Impressum"},"content":{"rendered":"\n<div class=\"wp-block-group alignfull is-layout-constrained wp-container-core-group-is-layout-922e0d1c wp-block-group-is-layout-constrained\" style=\"padding-top:0;padding-right:0;padding-bottom:0;padding-left:0\">\n<div class=\"wp-block-group is-layout-constrained wp-container-core-group-is-layout-f750054b wp-block-group-is-layout-constrained\">\n<h3 class=\"wp-block-heading\" style=\"margin-bottom:var(--wp--preset--spacing--50)\"><\/h3>\n\n\n\n<div class=\"wp-block-uagb-advanced-heading uagb-block-900da46b\"><h2 class=\"uagb-heading-text\">Angaben gem\u00e4\u00df \u00a7 \u00a7 5,6 DDG<\/h2><\/div>\n\n\n\n<div style=\"height:33px\" aria-hidden=\"true\" class=\"wp-block-spacer\"><\/div>\n\n\n\n<p><\/p>\n\n\n\n<p style=\"margin-top:0;margin-right:0;margin-bottom:0;margin-left:0;padding-top:0;padding-right:0;padding-bottom:0;padding-left:0\">Madlen Schrimpf<\/p>\n\n\n\n<p style=\"margin-top:0;margin-right:0;margin-bottom:0;margin-left:0\">Akazienweg 24B<\/p>\n\n\n\n<p style=\"margin-top:0;margin-right:0;margin-bottom:0;margin-left:0\">91083 Baiersdorf<\/p>\n\n\n\n<p>Deutschland<\/p>\n<\/div>\n\n\n\n<div style=\"height:33px\" aria-hidden=\"true\" class=\"wp-block-spacer\"><\/div>\n\n\n\n<div class=\"wp-block-group is-layout-constrained wp-container-core-group-is-layout-f750054b wp-block-group-is-layout-constrained\">\n<h3 class=\"wp-block-heading\">Kontakt<\/h3>\n\n\n\n<p class=\"has-text-align-left\" style=\"margin-top:var(--wp--preset--spacing--20);margin-right:var(--wp--preset--spacing--20);margin-bottom:var(--wp--preset--spacing--20);margin-left:var(--wp--preset--spacing--20)\">E-Mail: hello(at)madlenschrimpf.de<\/p>\n\n\n\n<p>Website:&nbsp;www.madlenschrimpf.de<\/p>\n\n\n\n<p>Telefon: +49 9133 6043047<\/p>\n\n\n\n<div style=\"height:33px\" aria-hidden=\"true\" class=\"wp-block-spacer\"><\/div>\n<\/div>\n\n\n\n<div style=\"height:33px\" aria-hidden=\"true\" class=\"wp-block-spacer\"><\/div>\n\n\n\n<div class=\"wp-block-group is-layout-constrained wp-container-core-group-is-layout-f750054b wp-block-group-is-layout-constrained\">\n<h3 class=\"wp-block-heading\">Inhaltlich Verantwortliche gem\u00e4\u00df \u00a7 5 Digitale-Dienste-Gesetz (DDG) und \u00a7 18 Abs. 2 Medienstaatsvertrag (MStV):<\/h3>\n\n\n\n<div style=\"height:33px\" aria-hidden=\"true\" class=\"wp-block-spacer\"><\/div>\n\n\n\n<p>Madlen Schrimpf, Adresse s. oben<\/p>\n\n\n\n<p><strong>Umsatzsteuer-ID:<\/strong> gem\u00e4\u00df \u00a727 a Umsatzsteuergesetz: 80 257 437969<\/p>\n\n\n\n<div style=\"height:33px\" aria-hidden=\"true\" class=\"wp-block-spacer\"><\/div>\n\n\n\n<h3 class=\"wp-block-heading\">Copyright<\/h3>\n\n\n\n<div style=\"height:33px\" aria-hidden=\"true\" class=\"wp-block-spacer\"><\/div>\n\n\n\n<p>soweit nicht anders genannt (c) Madlen Schrimpf oder via Canva<\/p>\n\n\n\n<div style=\"height:33px\" aria-hidden=\"true\" class=\"wp-block-spacer\"><\/div>\n\n\n\n<p><\/p>\n\n\n\n<h3 class=\"wp-block-heading\">Haftungsausschluss (Disclaimer)<\/h3>\n\n\n\n<div style=\"height:33px\" aria-hidden=\"true\" class=\"wp-block-spacer\"><\/div>\n\n\n\n<p><strong>Haftung f\u00fcr Inhalte<\/strong><\/p>\n\n\n\n<p><\/p>\n\n\n\n<p>Der Seitenbetreiber \u00fcbernimmt keine Haftung f\u00fcr von Dritten \u00fcbermittelte oder gespeicherte Informationen. Eine Pflicht zur \u00dcberwachung dieser Informationen besteht seitens des Seitenbetreibers nicht. Sofern rechtswidrige Informationen von Dritten \u00fcbermittelt oder gespeichert werden, haftet der Seitenbetreiber erst, wenn er einer berechtigten Aufforderung zur L\u00f6schung der Informationen nicht nachkommt. Offensichtlich rechtswidrige Informationen werden umgehend nach Bekanntwerden gel\u00f6scht.<\/p>\n\n\n\n<div style=\"height:33px\" aria-hidden=\"true\" class=\"wp-block-spacer\"><\/div>\n\n\n\n<p><strong>Haftung f\u00fcr Links<\/strong><\/p>\n\n\n\n<p>Der Seitenbetreiber hat keinen Einfluss auf externe Links. Vor Ver\u00f6ffentlichung der Links auf diesen Seiten wurden diese im zumutbaren Rahmen auf \u00dcbereinstimmung mit den gesetzlichen Bestimmungen gepr\u00fcft. Der Seitenbetreiber ist nicht verantwortlich f\u00fcr \u00c4nderungen, die sich auf den \u00fcber externen Links aufrufbaren Seiten ergeben. Insbesondere ist eine durchgehende Kontrolle von externen Links auf Rechtsverletzungen nicht zumutbar. Sofern der Seitenbetreiber auf rechtswidrige Inhalte hingewiesen wird, die \u00fcber externe Links abrufbar sind, entfernt er diese Links umgehend.<\/p>\n\n\n\n<div style=\"height:33px\" aria-hidden=\"true\" class=\"wp-block-spacer\"><\/div>\n\n\n\n<p><strong>Urheberrecht<\/strong><\/p>\n\n\n\n<p>Das Urheberrecht an allen auf den Seiten des Betreibers abrufbaren Texten und multimedialen Inhalten liegt beim Seitenbetreiber, soweit abweichende Urheberrechte nicht gesondert ausgewiesen werden. Sofern die Urheberrechte Dritter nicht ausgewiesen sind, wird um eine Mitteilung via E-Mail gebeten. Der Seitenbetreiber wird solche Inhalte umgehend entfernen. Die Verarbeitung, Verbreitung und Vervielf\u00e4ltigung von Inhalten ist ohne die ausdr\u00fcckliche Zustimmung des Seitenbetreibers nicht zul\u00e4ssig.<\/p>\n\n\n\n<div style=\"height:33px\" aria-hidden=\"true\" class=\"wp-block-spacer\"><\/div>\n\n\n\n<p>Diese Webseite entspricht den Vorgaben der EU-Verordnung 2022\/2065 (Digital Services Act), die Transparenz, Sicherheit und den Schutz der Nutzer digitaler Dienste regelt.<\/p>\n\n\n\n<div style=\"height:34px\" aria-hidden=\"true\" class=\"wp-block-spacer\"><\/div>\n\n\n\n<p class=\"has-text-align-center\">Erstellt mit&nbsp;<a href=\"http:\/\/www.e-recht24.de\/\" target=\"_blank\" rel=\"noopener\">http:\/\/www.e-recht24.de<\/a><\/p>\n\n\n\n<div style=\"height:33px\" aria-hidden=\"true\" class=\"wp-block-spacer\"><\/div>\n<\/div>\n<\/div>\n","protected":false},"excerpt":{"rendered":"<p>Angaben gem\u00e4\u00df \u00a7 \u00a7 5,6 DDG Madlen Schrimpf Akazienweg 24B 91083 Baiersdorf Deutschland Kontakt E-Mail: hello(at)madlenschrimpf.de Website:&nbsp;www.madlenschrimpf.de Telefon: +49 9133 [&hellip;]<\/p>\n","protected":false},"author":1,"featured_media":0,"parent":0,"menu_order":0,"comment_status":"closed","ping_status":"closed","template":"","meta":{"_uag_custom_page_level_css":"","site-sidebar-layout":"default","site-content-layout":"","ast-site-content-layout":"","site-content-style":"default","site-sidebar-style":"default","ast-global-header-display":"","ast-banner-title-visibility":"","ast-main-header-display":"","ast-hfb-above-header-display":"","ast-hfb-below-header-display":"","ast-hfb-mobile-header-display":"","site-post-title":"","ast-breadcrumbs-content":"","ast-featured-img":"","footer-sml-layout":"","theme-transparent-header-meta":"","adv-header-id-meta":"","stick-header-meta":"","header-above-stick-meta":"","header-main-stick-meta":"","header-below-stick-meta":"","astra-migrate-meta-layouts":"default","ast-page-background-enabled":"default","ast-page-background-meta":{"desktop":{"background-color":"var(--ast-global-color-5)","background-image":"","background-repeat":"repeat","background-position":"center center","background-size":"auto","background-attachment":"scroll","background-type":"","background-media":"","overlay-type":"","overlay-color":"","overlay-opacity":"","overlay-gradient":""},"tablet":{"background-color":"","background-image":"","background-repeat":"repeat","background-position":"center center","background-size":"auto","background-attachment":"scroll","background-type":"","background-media":"","overlay-type":"","overlay-color":"","overlay-opacity":"","overlay-gradient":""},"mobile":{"background-color":"","background-image":"","background-repeat":"repeat","background-position":"center center","background-size":"auto","background-attachment":"scroll","background-type":"","background-media":"","overlay-type":"","overlay-color":"","overlay-opacity":"","overlay-gradient":""}},"ast-content-background-meta":{"desktop":{"background-color":"var(--ast-global-color-4)","background-image":"","background-repeat":"repeat","background-position":"center center","background-size":"auto","background-attachment":"scroll","background-type":"","background-media":"","overlay-type":"","overlay-color":"","overlay-opacity":"","overlay-gradient":""},"tablet":{"background-color":"var(--ast-global-color-4)","background-image":"","background-repeat":"repeat","background-position":"center center","background-size":"auto","background-attachment":"scroll","background-type":"","background-media":"","overlay-type":"","overlay-color":"","overlay-opacity":"","overlay-gradient":""},"mobile":{"background-color":"var(--ast-global-color-4)","background-image":"","background-repeat":"repeat","background-position":"center center","background-size":"auto","background-attachment":"scroll","background-type":"","background-media":"","overlay-type":"","overlay-color":"","overlay-opacity":"","overlay-gradient":""}},"footnotes":""},"class_list":["post-51","page","type-page","status-publish","hentry"],"uagb_featured_image_src":{"full":false,"thumbnail":false,"medium":false,"medium_large":false,"large":false,"1536x1536":false,"2048x2048":false},"uagb_author_info":{"display_name":"madlenschrimpf","author_link":"https:\/\/madlenschrimpf.de\/author\/madlenschrimpf"},"uagb_comment_info":0,"uagb_excerpt":"Angaben gem\u00e4\u00df \u00a7 \u00a7 5,6 DDG Madlen Schrimpf Akazienweg 24B 91083 Baiersdorf Deutschland Kontakt E-Mail: hello(at)madlenschrimpf.de Website:&nbsp;www.madlenschrimpf.de Telefon: +49 9133 [&hellip;]","_links":{"self":[{"href":"https:\/\/madlenschrimpf.de\/index.php?rest_route=\/wp\/v2\/pages\/51","targetHints":{"allow":["GET"]}}],"collection":[{"href":"https:\/\/madlenschrimpf.de\/index.php?rest_route=\/wp\/v2\/pages"}],"about":[{"href":"https:\/\/madlenschrimpf.de\/index.php?rest_route=\/wp\/v2\/types\/page"}],"author":[{"embeddable":true,"href":"https:\/\/madlenschrimpf.de\/index.php?rest_route=\/wp\/v2\/users\/1"}],"replies":[{"embeddable":true,"href":"https:\/\/madlenschrimpf.de\/index.php?rest_route=%2Fwp%2Fv2%2Fcomments&post=51"}],"version-history":[{"count":8,"href":"https:\/\/madlenschrimpf.de\/index.php?rest_route=\/wp\/v2\/pages\/51\/revisions"}],"predecessor-version":[{"id":817,"href":"https:\/\/madlenschrimpf.de\/index.php?rest_route=\/wp\/v2\/pages\/51\/revisions\/817"}],"wp:attachment":[{"href":"https:\/\/madlenschrimpf.de\/index.php?rest_route=%2Fwp%2Fv2%2Fmedia&parent=51"}],"curies":[{"name":"wp","href":"https:\/\/api.w.org\/{rel}","templated":true}]}}