{"id":3,"date":"2024-09-27T15:50:58","date_gmt":"2024-09-27T15:50:58","guid":{"rendered":"http:\/\/madlenschrimpf.de\/?page_id=3"},"modified":"2025-06-13T21:56:10","modified_gmt":"2025-06-13T19:56:10","slug":"datenschutz","status":"publish","type":"page","link":"https:\/\/madlenschrimpf.de\/?page_id=3","title":{"rendered":"Datenschutzerkl\u00e4rung"},"content":{"rendered":"\n<div class=\"wp-block-group is-layout-constrained wp-container-core-group-is-layout-4f9f0532 wp-block-group-is-layout-constrained\">\n<div style=\"height:22px\" aria-hidden=\"true\" class=\"wp-block-spacer\"><\/div>\n\n\n\n<h2 class=\"wp-block-heading\"><\/h2>\n\n\n\n<h2 class=\"wp-block-heading\">Datenschutzerkl\u00e4rung<\/h2>\n\n\n\n<p>Personenbezogene Daten (nachfolgend zumeist nur \u201eDaten\u201c genannt) werden von uns nur im Rahmen der Erforderlichkeit sowie zum Zwecke der Bereitstellung eines funktionsf\u00e4higen und nutzerfreundlichen Internetauftritts, inklusive seiner Inhalte und der dort angebotenen Leistungen, verarbeitet.<\/p>\n\n\n\n<p>Gem\u00e4\u00df Art. 4 Ziffer 1. der Verordnung (EU) 2016\/679, also der Datenschutz-Grundverordnung (nachfolgend nur \u201eDSGVO\u201c genannt), gilt als \u201eVerarbeitung\u201c jeder mit oder ohne Hilfe automatisierter Verfahren ausgef\u00fchrter Vorgang oder jede solche Vorgangsreihe im Zusammenhang mit personenbezogenen Daten, wie das Erheben, das Erfassen, die Organisation, das Ordnen, die Speicherung, die Anpassung oder Ver\u00e4nderung, das Auslesen, das Abfragen, die Verwendung, die Offenlegung durch \u00dcbermittlung, Verbreitung oder eine andere Form der Bereitstellung, den Abgleich oder die Verkn\u00fcpfung, die Einschr\u00e4nkung, das L\u00f6schen oder die Vernichtung.<\/p>\n\n\n\n<p>Mit der nachfolgenden Datenschutzerkl\u00e4rung informieren wir Sie insbesondere \u00fcber Art, Umfang, Zweck, Dauer und Rechtsgrundlage der Verarbeitung personenbezogener Daten, soweit wir entweder allein oder gemeinsam mit anderen \u00fcber die Zwecke und Mittel der Verarbeitung entscheiden. Zudem informieren wir Sie nachfolgend \u00fcber die von uns zu Optimierungszwecken sowie zur Steigerung der Nutzungsqualit\u00e4t eingesetzten Fremdkomponenten, soweit hierdurch Dritte Daten in wiederum eigener Verantwortung verarbeiten.<\/p>\n\n\n\n<p>Unsere Datenschutzerkl\u00e4rung ist wie folgt gegliedert:<\/p>\n\n\n\n<p>I. Informationen \u00fcber uns als Verantwortliche<br>II. Rechte der Nutzer und Betroffenen<br>III. Informationen zur Datenverarbeitung<\/p>\n\n\n\n<h3 class=\"wp-block-heading\">I. Informationen \u00fcber uns als Verantwortliche<\/h3>\n\n\n\n<p>Verantwortlicher Anbieter dieses Internetauftritts im datenschutzrechtlichen Sinne ist:[Firma]<br>Madlen Schrimpf<br>Akazienweg 24 B<br>91083 Baiersdorf<\/p>\n\n\n\n<p>Telefon: +49 9133 6043047<br>Telefax: [Faxnummer]<br>E-Mail: hello(at)madlenschrimpf.de<\/p>\n\n\n\n<p>Datenschutzbeauftragte\/r beim Anbieter ist:[DSB \u2013 Vorname, Nachname]<br>Telefon: [DSB \u2013 Telefonnummer]<br>Telefax: [DSB \u2013 Faxnummer]<br>E-Mail: [DSB \u2013 E-Mail] [nachfolgende Angaben sind zu erg\u00e4nzen, sofern ein Externer Datenschutzbeauftragter bestellt ist] [DSB-Extern \u2013 Stra\u00dfe, Hausnummer]<br>[DSB-Extern \u2013 Postleitzahl, Ort]<\/p>\n\n\n\n<h3 class=\"wp-block-heading\">II. Rechte der Nutzer und Betroffenen<\/h3>\n\n\n\n<p>Mit Blick auf die nachfolgend noch n\u00e4her beschriebene Datenverarbeitung haben die Nutzer und Betroffenen das Recht<\/p>\n\n\n\n<ul class=\"wp-block-list\">\n<li>auf Best\u00e4tigung, ob sie betreffende Daten verarbeitet werden, auf Auskunft \u00fcber die verarbeiteten Daten, auf weitere Informationen \u00fcber die Datenverarbeitung sowie auf Kopien der Daten (vgl. auch Art. 15 DSGVO);<\/li>\n\n\n\n<li>auf Berichtigung oder Vervollst\u00e4ndigung unrichtiger bzw. unvollst\u00e4ndiger Daten (vgl. auch Art. 16 DSGVO);<\/li>\n\n\n\n<li>auf unverz\u00fcgliche L\u00f6schung der sie betreffenden Daten (vgl. auch Art. 17 DSGVO), oder, alternativ, soweit eine weitere Verarbeitung gem\u00e4\u00df Art. 17 Abs. 3 DSGVO erforderlich ist, auf Einschr\u00e4nkung der Verarbeitung nach Ma\u00dfgabe von Art. 18 DSGVO;<\/li>\n\n\n\n<li>auf Erhalt der sie betreffenden und von ihnen bereitgestellten Daten und auf \u00dcbermittlung dieser Daten an andere Anbieter\/Verantwortliche (vgl. auch Art. 20 DSGVO);<\/li>\n\n\n\n<li>auf Beschwerde gegen\u00fcber der Aufsichtsbeh\u00f6rde, sofern sie der Ansicht sind, dass die sie betreffenden Daten durch den Anbieter unter Versto\u00df gegen datenschutzrechtliche Bestimmungen verarbeitet werden (vgl. auch Art. 77 DSGVO).<\/li>\n<\/ul>\n\n\n\n<p>Dar\u00fcber hinaus ist der Anbieter dazu verpflichtet, alle Empf\u00e4nger, denen gegen\u00fcber Daten durch den Anbieter offengelegt worden sind, \u00fcber jedwede Berichtigung oder L\u00f6schung von Daten oder die Einschr\u00e4nkung der Verarbeitung, die aufgrund der Artikel 16, 17 Abs. 1, 18 DSGVO erfolgt, zu unterrichten. Diese Verpflichtung besteht jedoch nicht, soweit diese Mitteilung unm\u00f6glich oder mit einem unverh\u00e4ltnism\u00e4\u00dfigen Aufwand verbunden ist. Unbeschadet dessen hat der Nutzer ein Recht auf Auskunft \u00fcber diese Empf\u00e4nger.<\/p>\n\n\n\n<p><strong>Ebenfalls haben die Nutzer und Betroffenen nach Art. 21 DSGVO das Recht auf Widerspruch gegen die k\u00fcnftige Verarbeitung der sie betreffenden Daten, sofern die Daten durch den Anbieter nach Ma\u00dfgabe von Art. 6 Abs. 1 lit. f) DSGVO verarbeitet werden. Insbesondere ist ein Widerspruch gegen die Datenverarbeitung zum Zwecke der Direktwerbung statthaft.<\/strong><\/p>\n\n\n\n<h3 class=\"wp-block-heading\">III. Informationen zur Datenverarbeitung<\/h3>\n\n\n\n<p>Ihre bei Nutzung unseres Internetauftritts verarbeiteten Daten werden gel\u00f6scht oder gesperrt, sobald der Zweck der Speicherung entf\u00e4llt, der L\u00f6schung der Daten keine gesetzlichen Aufbewahrungspflichten entgegenstehen und nachfolgend keine anderslautenden Angaben zu einzelnen Verarbeitungsverfahren gemacht werden.<\/p>\n\n\n\n<h4 class=\"wp-block-heading\">Cookie Manager<\/h4>\n\n\n\n<p>Zur Einholung einer Einwilligung zum Einsatz von technisch nicht notwendigen Cookies auf der Website, setzt der Anbieter einen Cookie-Manager ein.<\/p>\n\n\n\n<p>Bei dem Aufruf der Website wird ein Cookie mit den Einstellungsinformationen auf dem Endger\u00e4t des Nutzers abgelegt, sodass bei einem weiteren Besuch die Abfrage in Bezug auf die Einwilligung nicht erfolgen muss.<\/p>\n\n\n\n<p>Das Cookie ist erforderlich um eine rechtskonforme Einwilligung des Nutzers einzuholen.<\/p>\n\n\n\n<p>Die Installation der Cookies kann der Nutzer durch Einstellungen seines Browsers verhindern bzw. beenden.<\/p>\n\n\n\n<h4 class=\"wp-block-heading\">Cookies<\/h4>\n\n\n\n<h5 class=\"wp-block-heading\">a) Sitzungs-Cookies\/Session-Cookies<\/h5>\n\n\n\n<p>Wir verwenden mit unserem Internetauftritt sog. Cookies. Cookies sind kleine Textdateien oder andere Speichertechnologien, die durch den von Ihnen eingesetzten Internet-Browser auf Ihrem Endger\u00e4t ablegt und gespeichert werden. Durch diese Cookies werden im individuellen Umfang bestimmte Informationen von Ihnen, wie beispielsweise Ihre Browser- oder Standortdaten oder Ihre IP-Adresse, verarbeitet.<\/p>\n\n\n\n<p>Durch diese Verarbeitung wird unser Internetauftritt benutzerfreundlicher, effektiver und sicherer, da die Verarbeitung bspw. die Wiedergabe unseres Internetauftritts in unterschiedlichen Sprachen oder das Angebot einer Warenkorbfunktion erm\u00f6glicht.<\/p>\n\n\n\n<p>Rechtsgrundlage dieser Verarbeitung ist Art. 6 Abs. 1 lit b.) DSGVO, sofern diese Cookies Daten zur Vertragsanbahnung oder Vertragsabwicklung verarbeitet werden.<\/p>\n\n\n\n<p>Falls die Verarbeitung nicht der Vertragsanbahnung oder Vertragsabwicklung dient, liegt unser berechtigtes Interesse in der Verbesserung der Funktionalit\u00e4t unseres Internetauftritts. Rechtsgrundlage ist in dann Art. 6 Abs. 1 lit. f) DSGVO.<\/p>\n\n\n\n<p>Mit Schlie\u00dfen Ihres Internet-Browsers werden diese Session-Cookies gel\u00f6scht.<\/p>\n\n\n\n<h5 class=\"wp-block-heading\">b) Drittanbieter-Cookies<\/h5>\n\n\n\n<p>Gegebenenfalls werden mit unserem Internetauftritt auch Cookies von Partnerunternehmen, mit denen wir zum Zwecke der Werbung, der Analyse oder der Funktionalit\u00e4ten unseres Internetauftritts zusammenarbeiten, verwendet.<\/p>\n\n\n\n<p>Die Einzelheiten hierzu, insbesondere zu den Zwecken und den Rechtsgrundlagen der Verarbeitung solcher Drittanbieter-Cookies, entnehmen Sie bitte den nachfolgenden Informationen.<\/p>\n\n\n\n<h5 class=\"wp-block-heading\">c) Beseitigungsm\u00f6glichkeit<\/h5>\n\n\n\n<p>Sie k\u00f6nnen die Installation der Cookies durch eine Einstellung Ihres Internet-Browsers verhindern oder einschr\u00e4nken. Ebenfalls k\u00f6nnen Sie bereits gespeicherte Cookies jederzeit l\u00f6schen. Die hierf\u00fcr erforderlichen Schritte und Ma\u00dfnahmen h\u00e4ngen jedoch von Ihrem konkret genutzten Internet-Browser ab. Bei Fragen benutzen Sie daher bitte die Hilfefunktion oder Dokumentation Ihres Internet-Browsers oder wenden sich an dessen Hersteller bzw. Support. Bei sog. Flash-Cookies kann die Verarbeitung allerdings nicht \u00fcber die Einstellungen des Browsers unterbunden werden. Stattdessen m\u00fcssen Sie insoweit die Einstellung Ihres Flash-Players \u00e4ndern. Auch die hierf\u00fcr erforderlichen Schritte und Ma\u00dfnahmen h\u00e4ngen von Ihrem konkret genutzten Flash-Player ab. Bei Fragen benutzen Sie daher bitte ebenso die Hilfefunktion oder Dokumentation Ihres Flash-Players oder wenden sich an den Hersteller bzw. Benutzer-Support.<\/p>\n\n\n\n<p>Sollten Sie die Installation der Cookies verhindern oder einschr\u00e4nken, kann dies allerdings dazu f\u00fchren, dass nicht s\u00e4mtliche Funktionen unseres Internetauftritts vollumf\u00e4nglich nutzbar sind.<\/p>\n\n\n\n<h4 class=\"wp-block-heading\">Kontaktanfragen \/ Kontaktm\u00f6glichkeit<\/h4>\n\n\n\n<p>Sofern Sie per Kontaktformular oder E-Mail mit uns in Kontakt treten, werden die dabei von Ihnen angegebenen Daten zur Bearbeitung Ihrer Anfrage genutzt. Die Angabe der Daten ist zur Bearbeitung und Beantwortung Ihre Anfrage erforderlich \u2013 ohne deren Bereitstellung k\u00f6nnen wir Ihre Anfrage nicht oder allenfalls eingeschr\u00e4nkt beantworten.<\/p>\n\n\n\n<p>Rechtsgrundlage f\u00fcr diese Verarbeitung ist Art. 6 Abs. 1 lit. b) DSGVO.<\/p>\n\n\n\n<p>Ihre Daten werden gel\u00f6scht, sofern Ihre Anfrage abschlie\u00dfend beantwortet worden ist und der L\u00f6schung keine gesetzlichen Aufbewahrungspflichten entgegenstehen, wie bspw. bei einer sich etwaig anschlie\u00dfenden Vertragsabwicklung.<\/p>\n\n\n\n<h4 class=\"wp-block-heading\">LinkedIn<\/h4>\n\n\n\n<p>Wir unterhalten bei LinkedIn eine Onlinepr\u00e4senz um unser Unternehmen sowie unsere Leistungen zu pr\u00e4sentieren und mit Kunden\/Interessenten zu kommunizieren. LinkedIn ist ein Service der LinkedIn Ireland Unlimited Company, Wilton Plaza, Wilton Place, Dublin 2, Irland, ein Tochterunternehmen der LinkedIn Corporation, 1000 W. Maude Avenue, Sunnyvale, CA 94085, USA.<\/p>\n\n\n\n<p>Insofern weisen wir darauf hin, dass die M\u00f6glichkeit besteht, dass Daten der Nutzer au\u00dferhalb der Europ\u00e4ischen Union, insbesondere in den USA, verarbeitet werden. Hierdurch k\u00f6nnen gesteigerte Risiken f\u00fcr die Nutzer insofern bestehen, als dass z.B. der sp\u00e4tere Zugriff auf die Nutzerdaten erschwert werden kann. Auch haben wir keinen Zugriff auf diese Nutzerdaten. Die Zugriffsm\u00f6glichkeit liegt ausschlie\u00dflich bei LinkedIn.<\/p>\n\n\n\n<p>Die Datenschutzhinweise von LinkedIn finden Sie unter<\/p>\n\n\n\n<figure class=\"wp-block-embed\"><div class=\"wp-block-embed__wrapper\">\nhttps:\/\/www.linkedin.com\/legal\/privacy-policy\n<\/div><\/figure>\n\n\n\n<h4 class=\"wp-block-heading\">LinkedIn<\/h4>\n\n\n\n<p>LinkedIn Ireland Unlimited Company, Wilton Plaza, Wilton Place, Dublin 2, Irland, ein Tochterunternehmen der LinkedIn Corporation, 1000 W. Maude Avenue, Sunnyvale, CA 94085 USA.<\/p>\n\n\n\n<p>Datenschutzerkl\u00e4rung:&nbsp;<a href=\"https:\/\/www.linkedin.com\/legal\/privacy-policy\" target=\"_blank\" rel=\"noreferrer noopener\">https:\/\/www.linkedin.com\/legal\/privacy-policy<\/a><\/p>\n\n\n\n<h4 class=\"wp-block-heading\">Google Fonts<\/h4>\n\n\n\n<p>In unserem Internetauftritt setzen wir Google Fonts zur Darstellung externer Schriftarten ein. Es handelt sich hierbei um einen Dienst der Google Ireland Limited, Gordon House, Barrow Street, Dublin 4, Irland, nachfolgend nur \u201eGoogle\u201c genannt.<\/p>\n\n\n\n<p>Um die Darstellung bestimmter Schriften in unserem Internetauftritt zu erm\u00f6glichen, wird bei Aufruf unseres Internetauftritts eine Verbindung zu dem Google-Server in den USA aufgebaut.<\/p>\n\n\n\n<p>Rechtsgrundlage ist Art. 6 Abs. 1 lit. f) DSGVO. Unser berechtigtes Interesse liegt in der Optimierung und dem wirtschaftlichen Betrieb unseres Internetauftritts.<\/p>\n\n\n\n<p>Durch die bei Aufruf unseres Internetauftritts hergestellte Verbindung zu Google kann Google ermitteln, von welcher Website Ihre Anfrage gesendet worden ist und an welche IP-Adresse die Darstellung der Schrift zu \u00fcbermitteln ist.<\/p>\n\n\n\n<p>Google bietet unter<\/p>\n\n\n\n<figure class=\"wp-block-embed\"><div class=\"wp-block-embed__wrapper\">\nhttps:\/\/adssettings.google.com\/authenticated\n<\/div><\/figure>\n\n\n\n<figure class=\"wp-block-embed\"><div class=\"wp-block-embed__wrapper\">\nhttps:\/\/policies.google.com\/privacy\n<\/div><\/figure>\n\n\n\n<p>weitere Informationen an und zwar insbesondere zu den M\u00f6glichkeiten der Unterbindung der Datennutzung.<\/p>\n\n\n\n<h4 class=\"wp-block-heading\">WhatsApp Kontaktaufnahme<\/h4>\n\n\n\n<p>Zur Kontaktaufnahme erm\u00f6glicht der Anbieter dem Kunden unter anderem die Kontaktm\u00f6glichkeit \u00fcber den Messenger-Dienst WhatsApp. WhatsApp ist ein Dienst der WhatsApp Ireland Limited, 4 Grand Canal Square, Grand Canal Harbour, Dublin 2, Irland, nachfolgend WhatsApp, eine Tochtergesellschaft von Facebook.<\/p>\n\n\n\n<p>Durch die Kommunikation des Nutzers mit dem Anbieter \u00fcber WhatsApp erh\u00e4lt sowohl der Anbieter, als auch WhatsApp die Mobilrufnummer des Nutzers und die Information, dass der Nutzer den Anbieter kontaktiert hat.<\/p>\n\n\n\n<p>Die vorgenannten Daten werden von WhatsApp auch an Server von Facebook in den USA weitergeleitet und von WhatsApp und Facebook entsprechend der WhatsApp-Datenschutzrichtlinie verarbeitet, was auch die Verarbeitung zu deren eigenen Zwecken, wie der Verbesserung des WhatsApp-Dienstes, beinhaltet.<\/p>\n\n\n\n<p>_____________________<\/p>\n\n\n\n<p><strong>Die USA verf\u00fcgen gegenw\u00e4rtig nach Ansicht der Datenschutzaufsichtsbeh\u00f6rden allerdings nicht \u00fcber ein angemessenes Datenschutzniveau. Es bestehen allerdings sogenannte Standardvertragsklauseln:<\/strong><\/p>\n\n\n\n<figure class=\"wp-block-embed\"><div class=\"wp-block-embed__wrapper\">\nhttps:\/\/faq.whatsapp.com\/general\/about-standard-contractual-clauses\n<\/div><\/figure>\n\n\n\n<p><strong>Jedoch sind dies privatrechtliche Vereinbarungen und haben daher keine direkte Auswirkung auf die Zugriffsm\u00f6glichkeiten der Beh\u00f6rden in den USA.<\/strong><\/p>\n\n\n\n<p>_____________________<\/p>\n\n\n\n<p>N\u00e4heres zum Zweck und Umfang der Datenerhebung und der weiteren Verarbeitung dieser Daten durch WhatsApp und Facebook sowie diesbez\u00fcgliche Rechte und Einstellungsm\u00f6glichkeiten zum Schutz der Privatsph\u00e4re sind in der Datenschutzrichtlinie von WhatsApp enthalten:<\/p>\n\n\n\n<figure class=\"wp-block-embed\"><div class=\"wp-block-embed__wrapper\">\nhttps:\/\/www.whatsapp.com\/legal\/#privacy-policy.\n<\/div><\/figure>\n\n\n\n<p>Rechtsgrundlage dieser Verarbeitungen und der \u00dcbermittlung an WhatsApp ist Art. 6 Abs. 1 S. 1 b. DSGVO, soweit die Kontaktaufnahme eine bestehende Vertragsbeziehung betrifft oder der Anbahnung einer solchen Vertragsbeziehung dient. Sollte die Kontaktaufnahme nicht aufgrund der vorstehenden Zwecke erfolgen, ist Rechtsgrundlage Art. 6 Abs. 1 lit. f DSGVO. Das berechtigte Interesse des Anbieters besteht an der Verbesserung der Servicequalit\u00e4t.<\/p>\n\n\n\n<p><a href=\"https:\/\/www.xn--generator-datenschutzerklrung-pqc.de\/\" target=\"_blank\" rel=\"noreferrer noopener\">Muster-Datenschutzerkl\u00e4rung<\/a>&nbsp;der&nbsp;<a href=\"https:\/\/www.xn--bewertung-lschen24-n3b.de\/\" rel=\"noreferrer noopener\" target=\"_blank\">Anwaltskanzlei Wei\u00df &amp; Partner<\/a><\/p>\n<\/div>\n\n\n\n<p><\/p>\n","protected":false},"excerpt":{"rendered":"<p>Datenschutzerkl\u00e4rung Personenbezogene Daten (nachfolgend zumeist nur \u201eDaten\u201c genannt) werden von uns nur im Rahmen der Erforderlichkeit sowie zum Zwecke der [&hellip;]<\/p>\n","protected":false},"author":1,"featured_media":0,"parent":0,"menu_order":0,"comment_status":"closed","ping_status":"open","template":"","meta":{"_uag_custom_page_level_css":"","site-sidebar-layout":"default","site-content-layout":"","ast-site-content-layout":"","site-content-style":"default","site-sidebar-style":"default","ast-global-header-display":"","ast-banner-title-visibility":"","ast-main-header-display":"","ast-hfb-above-header-display":"","ast-hfb-below-header-display":"","ast-hfb-mobile-header-display":"","site-post-title":"disabled","ast-breadcrumbs-content":"","ast-featured-img":"","footer-sml-layout":"","theme-transparent-header-meta":"","adv-header-id-meta":"","stick-header-meta":"","header-above-stick-meta":"","header-main-stick-meta":"","header-below-stick-meta":"","astra-migrate-meta-layouts":"default","ast-page-background-enabled":"default","ast-page-background-meta":{"desktop":{"background-color":"var(--ast-global-color-5)","background-image":"","background-repeat":"repeat","background-position":"center center","background-size":"auto","background-attachment":"scroll","background-type":"","background-media":"","overlay-type":"","overlay-color":"","overlay-opacity":"","overlay-gradient":""},"tablet":{"background-color":"","background-image":"","background-repeat":"repeat","background-position":"center center","background-size":"auto","background-attachment":"scroll","background-type":"","background-media":"","overlay-type":"","overlay-color":"","overlay-opacity":"","overlay-gradient":""},"mobile":{"background-color":"","background-image":"","background-repeat":"repeat","background-position":"center center","background-size":"auto","background-attachment":"scroll","background-type":"","background-media":"","overlay-type":"","overlay-color":"","overlay-opacity":"","overlay-gradient":""}},"ast-content-background-meta":{"desktop":{"background-color":"var(--ast-global-color-4)","background-image":"","background-repeat":"repeat","background-position":"center center","background-size":"auto","background-attachment":"scroll","background-type":"","background-media":"","overlay-type":"","overlay-color":"","overlay-opacity":"","overlay-gradient":""},"tablet":{"background-color":"var(--ast-global-color-4)","background-image":"","background-repeat":"repeat","background-position":"center center","background-size":"auto","background-attachment":"scroll","background-type":"","background-media":"","overlay-type":"","overlay-color":"","overlay-opacity":"","overlay-gradient":""},"mobile":{"background-color":"var(--ast-global-color-4)","background-image":"","background-repeat":"repeat","background-position":"center center","background-size":"auto","background-attachment":"scroll","background-type":"","background-media":"","overlay-type":"","overlay-color":"","overlay-opacity":"","overlay-gradient":""}},"footnotes":""},"class_list":["post-3","page","type-page","status-publish","hentry"],"uagb_featured_image_src":{"full":false,"thumbnail":false,"medium":false,"medium_large":false,"large":false,"1536x1536":false,"2048x2048":false},"uagb_author_info":{"display_name":"madlenschrimpf","author_link":"https:\/\/madlenschrimpf.de\/author\/madlenschrimpf"},"uagb_comment_info":0,"uagb_excerpt":"Datenschutzerkl\u00e4rung Personenbezogene Daten (nachfolgend zumeist nur \u201eDaten\u201c genannt) werden von uns nur im Rahmen der Erforderlichkeit sowie zum Zwecke der [&hellip;]","_links":{"self":[{"href":"https:\/\/madlenschrimpf.de\/index.php?rest_route=\/wp\/v2\/pages\/3","targetHints":{"allow":["GET"]}}],"collection":[{"href":"https:\/\/madlenschrimpf.de\/index.php?rest_route=\/wp\/v2\/pages"}],"about":[{"href":"https:\/\/madlenschrimpf.de\/index.php?rest_route=\/wp\/v2\/types\/page"}],"author":[{"embeddable":true,"href":"https:\/\/madlenschrimpf.de\/index.php?rest_route=\/wp\/v2\/users\/1"}],"replies":[{"embeddable":true,"href":"https:\/\/madlenschrimpf.de\/index.php?rest_route=%2Fwp%2Fv2%2Fcomments&post=3"}],"version-history":[{"count":7,"href":"https:\/\/madlenschrimpf.de\/index.php?rest_route=\/wp\/v2\/pages\/3\/revisions"}],"predecessor-version":[{"id":816,"href":"https:\/\/madlenschrimpf.de\/index.php?rest_route=\/wp\/v2\/pages\/3\/revisions\/816"}],"wp:attachment":[{"href":"https:\/\/madlenschrimpf.de\/index.php?rest_route=%2Fwp%2Fv2%2Fmedia&parent=3"}],"curies":[{"name":"wp","href":"https:\/\/api.w.org\/{rel}","templated":true}]}}